{"id":1118,"date":"2025-04-14T08:17:02","date_gmt":"2025-04-14T08:17:02","guid":{"rendered":"https:\/\/\/contact\/"},"modified":"2025-08-27T18:29:14","modified_gmt":"2025-08-27T18:29:14","slug":"contact","status":"publish","type":"page","link":"https:\/\/mykoreanglow.se\/sv\/contact\/","title":{"rendered":"Contact"},"content":{"rendered":"<div data-elementor-type=\"wp-page\" data-elementor-id=\"1118\" class=\"elementor elementor-1118\" data-elementor-post-type=\"page\">\n\t\t\t\t<div class=\"elementor-element elementor-element-2203af5 e-con-full e-flex e-con e-parent\" data-id=\"2203af5\" data-element_type=\"container\">\n\t\t\t\t<div class=\"elementor-element elementor-element-c8373e2 elementor-widget elementor-widget-html\" data-id=\"c8373e2\" data-element_type=\"widget\" data-widget_type=\"html.default\">\n\t\t\t\t\t<style>\r\n    \/* Google Fonts (\uae54\ub054\ud55c Noto Sans KR \ud3f0\ud2b8) *\/\r\n    @import url('https:\/\/fonts.googleapis.com\/css2?family=Noto+Sans+KR:wght@300;400;500;700&display=swap');\r\n\r\n    .contact-container-sketch {\r\n        max-width: 1200px; \/* \uc804\uccb4 \ucee8\ud14c\uc774\ub108 \ub108\ube44 *\/\r\n        margin: 0 auto;\r\n        padding: 60px 20px;\r\n        font-family: 'Noto Sans KR', sans-serif;\r\n        color: #333;\r\n    }\r\n\r\n    .contact-top-section-sketch {\r\n        display: flex;\r\n        justify-content: space-between; \/* \uc591\ucabd \ub05d \uc815\ub82c *\/\r\n        align-items: center; \/* \u2728 \ubcc0\uacbd: \uc790\uc2dd \uc694\uc18c\ub4e4\uc744 \uc138\ub85c \uc911\uc559\uc73c\ub85c \uc815\ub82c *\/\r\n        gap: 60px; \/* contact us \ube14\ub85d\uacfc \ud3fc \uc0ac\uc774 \uac04\uaca9 *\/\r\n        margin-bottom: 60px; \/* \ud558\ub2e8 \uc815\ubcf4 \uc139\uc158\uacfc\uc758 \uac04\uaca9 *\/\r\n    }\r\n\r\n    .contact-text-block-sketch {\r\n        flex: 1; \/* \uac00\uc6a9 \uacf5\uac04 \ucc28\uc9c0 *\/\r\n        min-width: 300px; \/* \ucd5c\uc18c \ub108\ube44 *\/\r\n        \/* padding-top: 20px; \u2728 \uc81c\uac70: \uc138\ub85c \uc911\uc559 \uc815\ub82c\uc744 \uc704\ud574 \ubd88\ud544\uc694 *\/\r\n    }\r\n    .contact-text-block-sketch h1 {\r\n        font-size: 2.8em;\r\n        font-weight: 700;\r\n        margin-top: 0;\r\n        margin-bottom: 15px;\r\n        color: #2c3e50;\r\n    }\r\n    .contact-text-block-sketch p {\r\n        font-size: 1.1em;\r\n        line-height: 1.7;\r\n        color: #7f8c8d;\r\n        max-width: 450px; \/* \ud14d\uc2a4\ud2b8 \uae38\uc774 \uc81c\ud55c *\/\r\n    }\r\n\r\n    .contact-form-wrapper-sketch {\r\n        flex: 2; \/* \ud3fc\uc774 \ub354 \ub9ce\uc740 \uacf5\uac04 \ucc28\uc9c0 *\/\r\n        min-width: 450px; \/* \ud3fc \ucd5c\uc18c \ub108\ube44 *\/\r\n        background-color: #f9f9f9;\r\n        border-radius: 12px;\r\n        padding: 40px;\r\n        box-shadow: 0 4px 15px rgba(0,0,0,0.05);\r\n        text-align: left; \/* \ud3fc \ub0b4\ubd80 \uc694\uc18c\ub294 \uc88c\uce21 \uc815\ub82c *\/\r\n    }\r\n\r\n    \/* WPForms \ubc84\ud2bc \uc0c9\uc0c1 \ubcc0\uacbd *\/\r\n    .contact-form-wrapper-sketch .wpforms-container .wpforms-submit-container button.wpforms-submit {\r\n        background-color: #81CCC9 !important; \/* \ud3ec\uc778\ud2b8 \uceec\ub7ec *\/\r\n        border: none !important;\r\n        padding: 15px 30px !important;\r\n        font-size: 16px !important;\r\n        font-weight: 500 !important;\r\n        border-radius: 8px !important;\r\n        transition: all 0.3s ease !important;\r\n        width: 100% !important;\r\n    }\r\n    .contact-form-wrapper-sketch .wpforms-container .wpforms-submit-container button.wpforms-submit:hover {\r\n        opacity: 0.85 !important;\r\n    }\r\n\r\n    .contact-info-horizontal-sketch {\r\n        display: flex;\r\n        flex-wrap: wrap; \/* \ubaa8\ubc14\uc77c\uc5d0\uc11c \uc904\ubc14\uafc8 *\/\r\n        justify-content: flex-start; \/* \uc67c\ucabd \uc815\ub82c *\/\r\n        gap: 40px; \/* \uac01 \uc815\ubcf4 \ube14\ub85d \uac04 \uac04\uaca9 *\/\r\n        border-top: 1px solid #eee;\r\n        padding: 40px 0; \/* \uc704\uc544\ub798 \uc5ec\ubc31 *\/\r\n        font-size: 0.95em;\r\n        line-height: 1.6;\r\n        color: #555;\r\n        text-align: left;\r\n    }\r\n    .contact-info-item-sketch {\r\n        flex: 0 1 auto; \/* \ub0b4\uc6a9 \uae38\uc774\uc5d0 \ub530\ub77c \uc720\uc5f0\ud558\uac8c \ub108\ube44 \uc870\uc808 *\/\r\n        min-width: 180px; \/* \ucd5c\uc18c \ub108\ube44 *\/\r\n    }\r\n    .contact-info-item-sketch h3 {\r\n        font-size: 1.2em;\r\n        margin-top: 0;\r\n        margin-bottom: 10px;\r\n        font-weight: 500;\r\n        color: #81CCC9; \/* \ud3ec\uc778\ud2b8 \uceec\ub7ec *\/\r\n    }\r\n\r\n    .contact-social-links-sketch {\r\n        margin-top: 30px;\r\n        padding-top: 20px;\r\n        border-top: 1px solid #eee; \/* \uc18c\uc15c \ub9c1\ud06c \uc704\uc5d0\ub3c4 \uad6c\ubd84\uc120 *\/\r\n        text-align: left; \/* \uc67c\ucabd \uc815\ub82c *\/\r\n    }\r\n    .contact-social-links-sketch a {\r\n        margin-right: 15px;\r\n        text-decoration: none;\r\n        font-size: 24px;\r\n        color: #333;\r\n        transition: color 0.3s ease;\r\n    }\r\n    .contact-social-links-sketch a:hover {\r\n        color: #81CCC9; \/* \ub9c8\uc6b0\uc2a4 \uc624\ubc84 \uc2dc \ud3ec\uc778\ud2b8 \uceec\ub7ec *\/\r\n    }\r\n\r\n    \/* \ubaa8\ubc14\uc77c \ubc18\uc751\ud615 *\/\r\n    @media (max-width: 992px) {\r\n        .contact-top-section-sketch {\r\n            flex-direction: column;\r\n            gap: 40px;\r\n            align-items: center; \/* \uc138\ub85c \uc815\ub82c \uc2dc \uac00\uc6b4\ub370 *\/\r\n        }\r\n        .contact-text-block-sketch,\r\n        .contact-form-wrapper-sketch {\r\n            width: 100%;\r\n            min-width: unset; \/* \ucd5c\uc18c \ub108\ube44 \uc81c\ud55c \ud574\uc81c *\/\r\n            text-align: center; \/* \ud14d\uc2a4\ud2b8\ub3c4 \uac00\uc6b4\ub370 \uc815\ub82c *\/\r\n        }\r\n        .contact-text-block-sketch p {\r\n            max-width: 100%;\r\n        }\r\n        .contact-info-horizontal-sketch {\r\n            flex-direction: column;\r\n            gap: 25px;\r\n            align-items: center; \/* \ud56d\ubaa9\ub4e4 \uc911\uc559 \uc815\ub82c *\/\r\n            text-align: center;\r\n        }\r\n        .contact-info-item-sketch {\r\n            text-align: center;\r\n        }\r\n        .contact-social-links-sketch {\r\n            text-align: center;\r\n        }\r\n    }\r\n<\/style>\r\n\r\n<link rel=\"stylesheet\" href=\"https:\/\/cdnjs.cloudflare.com\/ajax\/libs\/font-awesome\/6.5.2\/css\/all.min.css\">\r\n\r\n\r\n<div class=\"contact-container-sketch\">\r\n\r\n    <div class=\"contact-top-section-sketch\">\r\n        \r\n        <div class=\"contact-text-block-sketch\">\r\n            <h1>Contact Us<\/h1>\r\n            <p>We\u2019d love to hear from you.<\/p>\r\n            <p>Whether you have a question about our products, your order, or just want to share your glow story \u2014 we\u2019re here to help.<\/p>\r\n        <\/div>\r\n\r\n        <div class=\"contact-form-wrapper-sketch\">\r\n            <div class=\"wpforms-container\" id=\"wpforms-2808\"><form id=\"wpforms-form-2808\" class=\"wpforms-validate wpforms-form wpforms-ajax-form\" data-formid=\"2808\" method=\"post\" enctype=\"multipart\/form-data\" action=\"\/sv\/wp-json\/wp\/v2\/pages\/1118\" data-token=\"22829f61947218dd1d702dec0e03cb78\" data-token-time=\"1776422269\" data-trp-original-action=\"\/sv\/wp-json\/wp\/v2\/pages\/1118\"><noscript class=\"wpforms-error-noscript\">Aktivera JavaScript i din webbl\u00e4sare f\u00f6r att fylla i formul\u00e4ret.<\/noscript><div class=\"wpforms-field-container\"><div id=\"wpforms-2808-field_1-container\" class=\"wpforms-field wpforms-field-name\" data-field-id=\"1\"><label class=\"wpforms-field-label\">Name <span class=\"wpforms-required-label\">*<\/span><\/label><div class=\"wpforms-field-row wpforms-field-large\"><div class=\"wpforms-field-row-block wpforms-first wpforms-one-half\"><input type=\"text\" id=\"wpforms-2808-field_1\" class=\"wpforms-field-name-first wpforms-field-required\" name=\"wpforms[fields][1][first]\" required><label for=\"wpforms-2808-field_1\" class=\"wpforms-field-sublabel after\">F\u00f6rst<\/label><\/div><div class=\"wpforms-field-row-block wpforms-one-half\"><input type=\"text\" id=\"wpforms-2808-field_1-last\" class=\"wpforms-field-name-last wpforms-field-required\" name=\"wpforms[fields][1][last]\" required><label for=\"wpforms-2808-field_1-last\" class=\"wpforms-field-sublabel after\">Sist<\/label><\/div><\/div><\/div><div id=\"wpforms-2808-field_2-container\" class=\"wpforms-field wpforms-field-email\" data-field-id=\"2\"><label class=\"wpforms-field-label\" for=\"wpforms-2808-field_2\">Email <span class=\"wpforms-required-label\">*<\/span><\/label><input type=\"email\" id=\"wpforms-2808-field_2\" class=\"wpforms-field-large wpforms-field-required\" name=\"wpforms[fields][2]\" spellcheck=\"false\" required><\/div><div id=\"wpforms-2808-field_4-container\" class=\"wpforms-field wpforms-field-select wpforms-field-select-style-classic\" data-field-id=\"4\"><label class=\"wpforms-field-label\" for=\"wpforms-2808-field_4\">Subject<\/label><select id=\"wpforms-2808-field_4\" class=\"wpforms-field-large\" name=\"wpforms[fields][4]\"><option value=\"Order\"  class=\"choice-1 depth-1\"  >Order<\/option><option value=\"product\"  class=\"choice-2 depth-1\"  >product<\/option><option value=\"General\"  class=\"choice-3 depth-1\"  >General<\/option><option value=\"Inquiry\"  class=\"choice-4 depth-1\"  >Inquiry<\/option><\/select><\/div>\t\t<div id=\"wpforms-2808-field_5-container\"\n\t\t\tclass=\"wpforms-field wpforms-field-text\"\n\t\t\tdata-field-type=\"text\"\n\t\t\tdata-field-id=\"5\"\n\t\t\t>\n\t\t\t<label class=\"wpforms-field-label\" for=\"wpforms-2808-field_5\" >Email Subject Message<\/label>\n\t\t\t<input type=\"text\" id=\"wpforms-2808-field_5\" class=\"wpforms-field-medium\" name=\"wpforms[fields][5]\" >\n\t\t<\/div>\n\t\t<div id=\"wpforms-2808-field_3-container\" class=\"wpforms-field wpforms-field-textarea\" data-field-id=\"3\"><label class=\"wpforms-field-label\" for=\"wpforms-2808-field_3\">Message<\/label><textarea id=\"wpforms-2808-field_3\" class=\"wpforms-field-medium\" name=\"wpforms[fields][3]\" ><\/textarea><\/div><script>\n\t\t\t\t( function() {\n\t\t\t\t\tconst style = document.createElement( 'style' );\n\t\t\t\t\tstyle.appendChild( document.createTextNode( '#wpforms-2808-field_5-container { position: absolute !important; overflow: hidden !important; display: inline !important; height: 1px !important; width: 1px !important; z-index: -1000 !important; padding: 0 !important; } #wpforms-2808-field_5-container input { visibility: hidden; } #wpforms-conversational-form-page #wpforms-2808-field_5-container label { counter-increment: none; }' ) );\n\t\t\t\t\tdocument.head.appendChild( style );\n\t\t\t\t\tdocument.currentScript?.remove();\n\t\t\t\t} )();\n\t\t\t<\/script><\/div><!-- .wpforms-field-container --><div class=\"wpforms-submit-container\" ><input type=\"hidden\" name=\"wpforms[id]\" value=\"2808\"><input type=\"hidden\" name=\"page_title\" value=\"\"><input type=\"hidden\" name=\"page_url\" value=\"https:\/\/mykoreanglow.se\/sv\/wp-json\/wp\/v2\/pages\/1118\"><input type=\"hidden\" name=\"url_referer\" value=\"\"><button type=\"submit\" name=\"wpforms[submit]\" id=\"wpforms-submit-2808\" class=\"wpforms-submit\" data-alt-text=\"\uc804\uc1a1\uc911...\" data-submit-text=\"Send Message\" aria-live=\"assertive\" value=\"wpforms-submit\">Send Message<\/button><img decoding=\"async\" src=\"https:\/\/mykoreanglow.se\/wp-content\/plugins\/wpforms-lite\/assets\/images\/submit-spin.svg\" class=\"wpforms-submit-spinner\" style=\"display: none;\" width=\"26\" height=\"26\" alt=\"Laddar\"><\/div><input type=\"hidden\" name=\"trp-form-language\" value=\"sv\"\/><\/form><\/div>  <!-- .wpforms-container -->\r\n        <\/div>\r\n\r\n    <\/div>\r\n\r\n    <div class=\"contact-info-horizontal-sketch\">\r\n        <div class=\"contact-info-item-sketch\">\r\n            <h3>Email<\/h3>\r\n            <p>info@mykoreanglow.se<\/p>\r\n        <\/div>\r\n        <div class=\"contact-info-item-sketch\">\r\n            <h3>Phone<\/h3>\r\n            <p>+46 070 277 7352<\/p>\r\n        <\/div>\r\n        <div class=\"contact-info-item-sketch\">\r\n            <h3>Address<\/h3>\r\n            <p>\r\n                Korean Glow Cosmetics Sweden AB<br>\r\n                Central gatan 34A, Nyn\u00e4shamn<br>\r\n                149 32 Stockholm, Sweden<br>\r\n                Org. nr: 559496-3596\r\n            <\/p>\r\n        <\/div>\r\n    <\/div>\r\n\r\n    <div class=\"contact-social-links-sketch\">\r\n        <a href=\"#\" target=\"_blank\" title=\"Instagram\"><i class=\"fa-brands fa-instagram\"><\/i><\/a>\r\n        <a href=\"#\" target=\"_blank\" title=\"TikTok\"><i class=\"fa-brands fa-tiktok\"><\/i><\/a>\r\n    <\/div>\r\n\r\n<\/div>\t\t\t\t<\/div>\n\t\t\t\t<\/div>\n\t\t\t\t<\/div>","protected":false},"excerpt":{"rendered":"<p>Contact Us We\u2019d love to hear from you. Whether you have a question about our products, your order, or just want to share your glow story \u2014 we\u2019re here to help. Email info@mykoreanglow.se Phone +46 070 277 7352 Address Korean Glow Cosmetics Sweden AB Central gatan 34A, Nyn\u00e4shamn 149 32 Stockholm, Sweden Org. nr: 559496-3596<\/p>","protected":false},"author":1,"featured_media":0,"parent":0,"menu_order":0,"comment_status":"closed","ping_status":"closed","template":"elementor_header_footer","meta":{"footnotes":""},"class_list":["post-1118","page","type-page","status-publish","hentry"],"aioseo_notices":[],"_links":{"self":[{"href":"https:\/\/mykoreanglow.se\/sv\/wp-json\/wp\/v2\/pages\/1118","targetHints":{"allow":["GET"]}}],"collection":[{"href":"https:\/\/mykoreanglow.se\/sv\/wp-json\/wp\/v2\/pages"}],"about":[{"href":"https:\/\/mykoreanglow.se\/sv\/wp-json\/wp\/v2\/types\/page"}],"author":[{"embeddable":true,"href":"https:\/\/mykoreanglow.se\/sv\/wp-json\/wp\/v2\/users\/1"}],"replies":[{"embeddable":true,"href":"https:\/\/mykoreanglow.se\/sv\/wp-json\/wp\/v2\/comments?post=1118"}],"version-history":[{"count":63,"href":"https:\/\/mykoreanglow.se\/sv\/wp-json\/wp\/v2\/pages\/1118\/revisions"}],"predecessor-version":[{"id":2939,"href":"https:\/\/mykoreanglow.se\/sv\/wp-json\/wp\/v2\/pages\/1118\/revisions\/2939"}],"wp:attachment":[{"href":"https:\/\/mykoreanglow.se\/sv\/wp-json\/wp\/v2\/media?parent=1118"}],"curies":[{"name":"wp","href":"https:\/\/api.w.org\/{rel}","templated":true}]}}